{"id":86,"date":"2022-02-14T07:17:07","date_gmt":"2022-02-14T07:17:07","guid":{"rendered":"http:\/\/greenly-demo.pbminfotech.com\/elementor-datasite-6\/?page_id=18955"},"modified":"2024-05-09T18:19:43","modified_gmt":"2024-05-09T18:19:43","slug":"qui-sommes-nous","status":"publish","type":"page","link":"https:\/\/cefafrica.com\/fr\/qui-sommes-nous\/","title":{"rendered":"Qui sommes-nous"},"content":{"rendered":"\t\t<div data-elementor-type=\"wp-page\" data-elementor-id=\"86\" class=\"elementor elementor-86\">\n\t\t\t\t\t\t<section class=\"elementor-section elementor-top-section elementor-element elementor-element-085c37a cspt-col-stretched-none cspt-bg-color-over-image elementor-section-boxed elementor-section-height-default elementor-section-height-default\" data-id=\"085c37a\" data-element_type=\"section\">\n\t\t\t\t\t\t<div class=\"elementor-container elementor-column-gap-default\">\n\t\t\t\t\t<div class=\"elementor-column elementor-col-100 elementor-top-column elementor-element elementor-element-913e306 cspt-bg-color-over-image\" data-id=\"913e306\" data-element_type=\"column\">\n\t\t\t<div class=\"elementor-widget-wrap elementor-element-populated\">\n\t\t\t\t\t\t<div class=\"elementor-element elementor-element-e4aacdc elementor-widget elementor-widget-text-editor\" data-id=\"e4aacdc\" data-element_type=\"widget\" data-widget_type=\"text-editor.default\">\n\t\t\t\t<div class=\"elementor-widget-container\">\n\t\t\t<style>\/*! elementor - v3.20.0 - 26-03-2024 *\/\n.elementor-widget-text-editor.elementor-drop-cap-view-stacked .elementor-drop-cap{background-color:#69727d;color:#fff}.elementor-widget-text-editor.elementor-drop-cap-view-framed .elementor-drop-cap{color:#69727d;border:3px solid;background-color:transparent}.elementor-widget-text-editor:not(.elementor-drop-cap-view-default) .elementor-drop-cap{margin-top:8px}.elementor-widget-text-editor:not(.elementor-drop-cap-view-default) .elementor-drop-cap-letter{width:1em;height:1em}.elementor-widget-text-editor .elementor-drop-cap{float:left;text-align:center;line-height:1;font-size:50px}.elementor-widget-text-editor .elementor-drop-cap-letter{display:inline-block}<\/style>\t\t\t\t<div class=\"w-full text-token-text-primary\" dir=\"auto\" data-testid=\"conversation-turn-3\" data-scroll-anchor=\"false\"><div class=\"py-2 px-3 text-base md:px-4 m-auto md:px-5 lg:px-1 xl:px-5\"><div class=\"mx-auto flex flex-1 gap-3 text-base juice:gap-4 juice:md:gap-6 md:max-w-3xl lg:max-w-[40rem] xl:max-w-[48rem]\"><div class=\"relative flex w-full min-w-0 flex-col agent-turn\"><div class=\"flex-col gap-1 md:gap-3\"><div class=\"flex flex-grow flex-col max-w-full\"><div class=\"min-h-[20px] text-message flex flex-col items-start whitespace-pre-wrap break-words [.text-message+&amp;]:mt-5 overflow-x-auto gap-3\" dir=\"auto\" data-message-author-role=\"assistant\" data-message-id=\"53e15dd0-7c06-4d90-bc40-2adeb696d600\"><div class=\"markdown prose w-full break-words dark:prose-invert light\"><p>CEFAfrica, abr\u00e9viation de CLEAN ENERGY FOR AFRICA, est une soci\u00e9t\u00e9 Anonyme \u00e0 Responsabilit\u00e9 Limit\u00e9e (SARL) \u00e9tablie en 2018 et officiellement enregistr\u00e9e en ao\u00fbt 2019 sous le registre de commerce RB\/COT\/19B24771. Elle a \u00e9t\u00e9 fond\u00e9e par cinq Techniciens sup\u00e9rieurs sp\u00e9cialis\u00e9s dans les \u00e9nergies renouvelables et les syst\u00e8mes \u00e9nerg\u00e9tiques, tous dipl\u00f4m\u00e9s de la Facult\u00e9 des sciences et techniques de l&rsquo;Universit\u00e9 d&rsquo;Abomey-Calavi. Son si\u00e8ge social est situ\u00e9 \u00e0 Abomey-Calavi et elle op\u00e8re dans tout le pays.<\/p><p>La mission de l&rsquo;entreprise est de faciliter l&rsquo;acc\u00e8s aux \u00e9nergies renouvelables, propres et durables, au B\u00e9nin et plus largement en Afrique. Convaincue que l&rsquo;\u00e9nergie est essentielle au d\u00e9veloppement et qu&rsquo;elle joue un r\u00f4le crucial dans la stimulation des activit\u00e9s \u00e9conomiques ainsi que dans la s\u00e9curit\u00e9 sociale et environnementale, CLEAN ENERGY FOR AFRICA se concentre sur la promotion des syst\u00e8mes solaires photovolta\u00efques (kits solaires domestiques), thermiques, de la bio\u00e9nergie et de l&rsquo;efficacit\u00e9 \u00e9nerg\u00e9tique.<\/p><p>L&rsquo;entreprise cible principalement les milieux ruraux, \u00e9loign\u00e9s et d\u00e9favoris\u00e9s o\u00f9 l&rsquo;acc\u00e8s \u00e0 l&rsquo;\u00e9nergie reste un d\u00e9fi majeur, entravant le d\u00e9veloppement \u00e9conomique et le bien-\u00eatre social des populations. En plus de ses activit\u00e9s commerciales, elle m\u00e8ne des activit\u00e9s de recherche et d&rsquo;innovation technologique, ainsi que des initiatives de soutien technique et d&rsquo;accompagnement des projets li\u00e9s au d\u00e9veloppement durable et \u00e0 la protection de l&rsquo;environnement.<\/p><\/div><\/div><\/div><\/div><\/div><\/div><\/div><\/div>\t\t\t\t\t\t<\/div>\n\t\t\t\t<\/div>\n\t\t\t\t\t<\/div>\n\t\t<\/div>\n\t\t\t\t\t<\/div>\n\t\t<\/section>\n\t\t\t\t<div class=\"elementor-section elementor-top-section elementor-element elementor-element-fd77 cspt-col-stretched-none cspt-bg-color-over-image elementor-section-boxed elementor-section-height-default elementor-section-height-default\" data-id=\"fd77\" data-element_type=\"section\">\n\t\t\t\t\t\t<div class=\"elementor-container elementor-column-gap-no\">\n\t\t\t\t\t<div class=\"elementor-column elementor-col-50 elementor-top-column elementor-element elementor-element-1f0b1533 cspt-bg-color-over-image\" data-id=\"1f0b1533\" data-element_type=\"column\">\n\t\t\t<div class=\"elementor-widget-wrap elementor-element-populated\">\n\t\t\t\t\t\t<div class=\"elementor-element elementor-element-5d9e6a6b lottie-player-img elementor-widget elementor-widget-cspt_lottiefiles_element\" data-id=\"5d9e6a6b\" data-element_type=\"widget\" data-widget_type=\"cspt_lottiefiles_element.default\">\n\t\t\t\t<div class=\"elementor-widget-container\">\n\t\t\t<div class=\"cspt-lottiefile cspt-lottiefiles-style-1\"><div class=\"cspt-lottie-box\">\t\r\n\t<div class=\"cspt_lottiefiles_feature\"><lottie-player src=\"https:\/\/assets2.lottiefiles.com\/packages\/lf20_gfch7dde.json\"  background=\"transparent\"  speed=\"1\"  style=\"width: 100%; height: 100%;\"  loop  autoplay><\/lottie-player><\/div>\t<div class=\"cspt-lottie-contents\">\t\r\n\t\t\t\t\r\n\t\t\t\t\t<\/div><!-- .cspt-lottie-contents -->\r\n<\/div>\r\n<\/div>\t\t<\/div>\n\t\t\t\t<\/div>\n\t\t\t\t\t<\/div>\n\t\t<\/div>\n\t\t\t\t<div class=\"elementor-column elementor-col-50 elementor-top-column elementor-element elementor-element-68d568fc cspt-bg-color-over-image\" data-id=\"68d568fc\" data-element_type=\"column\">\n\t\t\t<div class=\"elementor-widget-wrap elementor-element-populated\">\n\t\t\t\t\t\t<div class=\"elementor-element elementor-element-d5de240 cspt-align-left elementor-widget elementor-widget-cspt_heading\" data-id=\"d5de240\" data-element_type=\"widget\" data-widget_type=\"cspt_heading.default\">\n\t\t\t\t<div class=\"elementor-widget-container\">\n\t\t\t\t<div class=\"cspt-heading-subheading left-align cspt-reverse-heading-yes\"><h4 class=\"cspt-element-subtitle\">\r\n\t\t\t\r\n\t\t\t\tClean energy for africa\r\n\t\t\t\r\n\t\t\t<\/h4>\r\n\t\t<h2 class=\"cspt-element-title\">\r\n\t\t\t\r\n\t\t\t\tNos Valeurs\r\n\t\t\t\r\n\t\t\t<\/h2>\r\n\t\t<\/div>\t\t<\/div>\n\t\t\t\t<\/div>\n\t\t\t\t<div class=\"elementor-element elementor-element-7c4a9676 elementor-widget elementor-widget-text-editor\" data-id=\"7c4a9676\" data-element_type=\"widget\" data-widget_type=\"text-editor.default\">\n\t\t\t\t<div class=\"elementor-widget-container\">\n\t\t\t\t\t\t\t<p>Notre entreprise est guid\u00e9e par des valeurs fondamentales qui guident chacune de nos actions&nbsp;<\/p>\n<p><\/p>\n<p><\/p>\t\t\t\t\t\t<\/div>\n\t\t\t\t<\/div>\n\t\t\t\t<div class=\"elementor-element elementor-element-40c6cab9 elementor-widget elementor-widget-cspt_icon_heading\" data-id=\"40c6cab9\" data-element_type=\"widget\" data-widget_type=\"cspt_icon_heading.default\">\n\t\t\t\t<div class=\"elementor-widget-container\">\n\t\t\t<div  class=\"cspt-ihbox cspt-ihbox-style-9 \" >\r\n\t<div class=\"cspt-ihbox-contents\">\r\n\t\t<div class=\"cspt-ihbox-headingicon d-flex\">\r\n\t\t\t<div class=\"cspt-ihbox-icon\"><div class=\"cspt-ihbox-icon-wrapper\"><i class=\"cspt-greenly-icon cspt-greenly-icon-solar-panel-1\"><\/i><\/div><\/div>\t\t\t<div class=\"cspt-ihbox-contents\">\r\n\t\t\t\t<h2 class=\"cspt-element-title\">\r\n\t\t\t\t\t\r\n\t\t\t\t\t\tEngagement envers l'excellence\r\n\t\t\t\t\t\r\n\t\t\t\t\t<\/h2>\r\n\t\t\t\t\t\t\t\t\t\t\t\t<div class=\"cspt-heading-desc\">Nous nous engageons \u00e0 fournir des solutions \u00e9nerg\u00e9tiques de haute qualit\u00e9, fiables et durables.<\/div>\t\t\t\t\t\t\t<\/div><!-- .cspt-ihbox-contents -->\r\n\t\t<\/div>\r\n\t<\/div>\r\n<\/div>\r\n\r\n\t\t<\/div>\n\t\t\t\t<\/div>\n\t\t\t\t<div class=\"elementor-element elementor-element-4836a61a elementor-widget elementor-widget-cspt_icon_heading\" data-id=\"4836a61a\" data-element_type=\"widget\" data-widget_type=\"cspt_icon_heading.default\">\n\t\t\t\t<div class=\"elementor-widget-container\">\n\t\t\t<div  class=\"cspt-ihbox cspt-ihbox-style-9 \" >\r\n\t<div class=\"cspt-ihbox-contents\">\r\n\t\t<div class=\"cspt-ihbox-headingicon d-flex\">\r\n\t\t\t<div class=\"cspt-ihbox-icon\"><div class=\"cspt-ihbox-icon-wrapper\"><i class=\"cspt-greenly-icon cspt-greenly-icon-eco-fuel\"><\/i><\/div><\/div>\t\t\t<div class=\"cspt-ihbox-contents\">\r\n\t\t\t\t<h2 class=\"cspt-element-title\">\r\n\t\t\t\t\t\r\n\t\t\t\t\t\tInnovation\r\n\t\t\t\t\t\r\n\t\t\t\t\t<\/h2>\r\n\t\t\t\t\t\t\t\t\t\t\t\t<div class=\"cspt-heading-desc\">Nous encourageons l'innovation continue dans la recherche de nouvelles technologies et de solutions \u00e9nerg\u00e9tiques efficaces.<\/div>\t\t\t\t\t\t\t<\/div><!-- .cspt-ihbox-contents -->\r\n\t\t<\/div>\r\n\t<\/div>\r\n<\/div>\r\n\r\n\t\t<\/div>\n\t\t\t\t<\/div>\n\t\t\t\t\t<\/div>\n\t\t<\/div>\n\t\t\t\t\t<\/div>\n\t\t<\/div>\n\t\t\t\t<section class=\"elementor-section elementor-top-section elementor-element elementor-element-17591004 cspt-col-stretched-none cspt-bg-color-over-image elementor-section-boxed elementor-section-height-default elementor-section-height-default\" data-id=\"17591004\" data-element_type=\"section\">\n\t\t\t\t\t\t<div class=\"elementor-container elementor-column-gap-no\">\n\t\t\t\t\t<div class=\"elementor-column elementor-col-50 elementor-top-column elementor-element elementor-element-7023b073 cspt-bg-color-over-image\" data-id=\"7023b073\" data-element_type=\"column\">\n\t\t\t<div class=\"elementor-widget-wrap elementor-element-populated\">\n\t\t\t\t\t\t<div class=\"elementor-element elementor-element-324c90d4 cspt-align-left elementor-widget elementor-widget-cspt_heading\" data-id=\"324c90d4\" data-element_type=\"widget\" data-widget_type=\"cspt_heading.default\">\n\t\t\t\t<div class=\"elementor-widget-container\">\n\t\t\t\t<div class=\"cspt-heading-subheading left-align cspt-reverse-heading-yes\"><h4 class=\"cspt-element-subtitle\">\r\n\t\t\t\r\n\t\t\t\tNotre \u00e9quipe\r\n\t\t\t\r\n\t\t\t<\/h4>\r\n\t\t<h2 class=\"cspt-element-title\">\r\n\t\t\t\r\n\t\t\t\tNos experts\r\n\t\t\t\r\n\t\t\t<\/h2>\r\n\t\t<\/div>\t\t<\/div>\n\t\t\t\t<\/div>\n\t\t\t\t\t<\/div>\n\t\t<\/div>\n\t\t\t\t<div class=\"elementor-column elementor-col-50 elementor-top-column elementor-element elementor-element-7dc44d46 cspt-bg-color-over-image\" data-id=\"7dc44d46\" data-element_type=\"column\">\n\t\t\t<div class=\"elementor-widget-wrap elementor-element-populated\">\n\t\t\t\t\t\t<div class=\"elementor-element elementor-element-1a1b0a65 elementor-widget elementor-widget-text-editor\" data-id=\"1a1b0a65\" data-element_type=\"widget\" data-widget_type=\"text-editor.default\">\n\t\t\t\t<div class=\"elementor-widget-container\">\n\t\t\t\t\t\t\t<p>Notre \u00e9quipe est compos\u00e9e de professionnels qualifi\u00e9s et d\u00e9vou\u00e9s, passionn\u00e9s par notre mission commune de promouvoir les \u00e9nergies renouvelables en Afrique.<\/p>\t\t\t\t\t\t<\/div>\n\t\t\t\t<\/div>\n\t\t\t\t\t<\/div>\n\t\t<\/div>\n\t\t\t\t\t<\/div>\n\t\t<\/section>\n\t\t\t\t<div class=\"elementor-section elementor-top-section elementor-element elementor-element-2492defa cspt-col-stretched-right cspt-right-col-stretched-content-yes cspt-bg-color-over-image elementor-section-boxed elementor-section-height-default elementor-section-height-default\" data-id=\"2492defa\" data-element_type=\"section\">\n\t\t\t\t\t\t<div class=\"elementor-container elementor-column-gap-no\">\n\t\t\t\t\t<div class=\"elementor-column elementor-col-100 elementor-top-column elementor-element elementor-element-402597de cspt-bg-color-over-image\" data-id=\"402597de\" data-element_type=\"column\">\n\t\t\t<div class=\"elementor-widget-wrap elementor-element-populated\">\n\t\t\t\t\t\t<div class=\"elementor-element elementor-element-38034901 elementor-widget elementor-widget-cspt_team_element\" data-id=\"38034901\" data-element_type=\"widget\" data-widget_type=\"cspt_team_element.default\">\n\t\t\t\t<div class=\"elementor-widget-container\">\n\t\t\t\r\n\t\t<div class=\"creativesplanet-element creativesplanet-element-team cspt-element-team-style-3 creativesplanet-element-viewtype-carousel creativesplanet-gap-15px\" data-show=\"6\" data-columns=\"4\" data-loop=\"true\" data-autoplay=\"true\" data-center=\"false\" data-nav=\"false\" data-dots=\"false\" data-autoplayspeed=\"1000\" data-margin=\"15px\"><div class=\"creativesplanet-element-inner\">\r\n\t\t\r\n\t\t\t\t\t\t<div class=\"cspt-ele-header-area\">\r\n\t\t\t\t\t<div class=\"cspt-heading-subheading left-align \"><\/div>\t\t\t\t\t\t\t<\/div>\r\n\t\t\t\t\t\t\r\n\t\t\t\r\n\t\t\t<div class=\"cspt-element-posts-wrapper row multi-columns-row\">\r\n\r\n\t\t\t<div class=\"cspt-ele cspt-team-ele col-md-6 col-lg-3 \"><article class=\"creativesplanet-ele creativesplanet-ele-team cspt-team-style-3\">\r\n\t<div class=\"creativesplanet-post-item\">\r\n\t\t<div class=\"creativesplanet-team-image-box\">\t\t\t\r\n\t\t\t<div class=\"cspt-featured-wrapper\"><a href=\"https:\/\/cefafrica.com\/fr\/team-member\/arnaud-menard-sonnon\/\"><img fetchpriority=\"high\" decoding=\"async\" width=\"253\" height=\"253\" src=\"https:\/\/cefafrica.com\/wp-content\/uploads\/2024\/05\/Arnaud-Menard-SONNON_Chef-cellule-Informatique_Responsable-conception.png\" class=\"attachment-cspt-img-500x580 size-cspt-img-500x580 wp-post-image\" alt=\"\" srcset=\"https:\/\/cefafrica.com\/wp-content\/uploads\/2024\/05\/Arnaud-Menard-SONNON_Chef-cellule-Informatique_Responsable-conception.png 253w, https:\/\/cefafrica.com\/wp-content\/uploads\/2024\/05\/Arnaud-Menard-SONNON_Chef-cellule-Informatique_Responsable-conception-150x150.png 150w\" sizes=\"(max-width: 253px) 100vw, 253px\" data-id=\"404\" \/><\/a><\/div>\t\t<\/div>\r\n\t\t<div class=\"creativesplanet-box-content\">\r\n\t\t\t<div class=\"creativesplanet-box-content-inner\">\t\r\n\t\t\t\t<h3 class=\"cspt-team-title\"><a href=\"https:\/\/cefafrica.com\/fr\/team-member\/arnaud-menard-sonnon\/\">Arnaud M\u00e9nard SONNON<\/a><\/h3>\r\n\t\t\t\t<div class=\"creativesplanet-box-team-position\">\r\n\t\t\t\t\t\t\t<div class=\"creativesplanet-box-team-position\">Chef cellule informatique - Responsable conception<\/div>\r\n\t\t\t\t\t\t<\/div>\r\n\t\t\t<\/div>\r\n\t\t\t<div class=\"creativesplanet-box-social-links\"><\/div>\t\t\r\n\t\t<\/div>\t\t\r\n\t<\/div>\r\n<\/article>\r\n <\/div><div class=\"cspt-ele cspt-team-ele col-md-6 col-lg-3 \"><article class=\"creativesplanet-ele creativesplanet-ele-team cspt-team-style-3\">\r\n\t<div class=\"creativesplanet-post-item\">\r\n\t\t<div class=\"creativesplanet-team-image-box\">\t\t\t\r\n\t\t\t<div class=\"cspt-featured-wrapper\"><a href=\"https:\/\/cefafrica.com\/fr\/team-member\/roland-fangnon\/\"><img decoding=\"async\" width=\"242\" height=\"244\" src=\"https:\/\/cefafrica.com\/wp-content\/uploads\/2018\/12\/Roland-fangnon-DG.png\" class=\"attachment-cspt-img-500x580 size-cspt-img-500x580 wp-post-image\" alt=\"\" srcset=\"https:\/\/cefafrica.com\/wp-content\/uploads\/2018\/12\/Roland-fangnon-DG.png 242w, https:\/\/cefafrica.com\/wp-content\/uploads\/2018\/12\/Roland-fangnon-DG-150x150.png 150w\" sizes=\"(max-width: 242px) 100vw, 242px\" data-id=\"384\" \/><\/a><\/div>\t\t<\/div>\r\n\t\t<div class=\"creativesplanet-box-content\">\r\n\t\t\t<div class=\"creativesplanet-box-content-inner\">\t\r\n\t\t\t\t<h3 class=\"cspt-team-title\"><a href=\"https:\/\/cefafrica.com\/fr\/team-member\/roland-fangnon\/\">Roland FANGNON<\/a><\/h3>\r\n\t\t\t\t<div class=\"creativesplanet-box-team-position\">\r\n\t\t\t\t\t\t\t<div class=\"creativesplanet-box-team-position\">Directeur G\u00e9n\u00e9ral<\/div>\r\n\t\t\t\t\t\t<\/div>\r\n\t\t\t<\/div>\r\n\t\t\t<div class=\"creativesplanet-box-social-links\"><ul class=\"cspt-social-links cspt-team-social-links\"><li class=\"cspt-social-li cspt-social-linkedin\"><a href=\"#\" title=\"LinkedIn\" target=\"_blank\"><span><i class=\"cspt-base-icon-linkedin-squared\"><\/i><\/span><\/a><\/li><\/ul><\/div>\t\t\r\n\t\t<\/div>\t\t\r\n\t<\/div>\r\n<\/article>\r\n <\/div><div class=\"cspt-ele cspt-team-ele col-md-6 col-lg-3 \"><article class=\"creativesplanet-ele creativesplanet-ele-team cspt-team-style-3\">\r\n\t<div class=\"creativesplanet-post-item\">\r\n\t\t<div class=\"creativesplanet-team-image-box\">\t\t\t\r\n\t\t\t<div class=\"cspt-featured-wrapper\"><a href=\"https:\/\/cefafrica.com\/fr\/team-member\/gisele-abah\/\"><img decoding=\"async\" width=\"242\" height=\"251\" src=\"https:\/\/cefafrica.com\/wp-content\/uploads\/2018\/12\/Gisele-ABAH-Directrice-Commerciale-et-Marketing.png\" class=\"attachment-cspt-img-500x580 size-cspt-img-500x580 wp-post-image\" alt=\"\" data-id=\"388\" \/><\/a><\/div>\t\t<\/div>\r\n\t\t<div class=\"creativesplanet-box-content\">\r\n\t\t\t<div class=\"creativesplanet-box-content-inner\">\t\r\n\t\t\t\t<h3 class=\"cspt-team-title\"><a href=\"https:\/\/cefafrica.com\/fr\/team-member\/gisele-abah\/\">Gis\u00e8le ABAH<\/a><\/h3>\r\n\t\t\t\t<div class=\"creativesplanet-box-team-position\">\r\n\t\t\t\t\t\t\t<div class=\"creativesplanet-box-team-position\">Directrice Commerciale et Marketing<\/div>\r\n\t\t\t\t\t\t<\/div>\r\n\t\t\t<\/div>\r\n\t\t\t<div class=\"creativesplanet-box-social-links\"><ul class=\"cspt-social-links cspt-team-social-links\"><li class=\"cspt-social-li cspt-social-facebook\"><a href=\"#\" title=\"Facebook\" target=\"_blank\"><span><i class=\"cspt-base-icon-facebook-squared\"><\/i><\/span><\/a><\/li><li class=\"cspt-social-li cspt-social-twitter\"><a href=\"#\" title=\"Twitter\" target=\"_blank\"><span><i class=\"cspt-base-icon-twitter-1\"><\/i><\/span><\/a><\/li><li class=\"cspt-social-li cspt-social-linkedin\"><a href=\"#\" title=\"LinkedIn\" target=\"_blank\"><span><i class=\"cspt-base-icon-linkedin-squared\"><\/i><\/span><\/a><\/li><\/ul><\/div>\t\t\r\n\t\t<\/div>\t\t\r\n\t<\/div>\r\n<\/article>\r\n <\/div><div class=\"cspt-ele cspt-team-ele col-md-6 col-lg-3 \"><article class=\"creativesplanet-ele creativesplanet-ele-team cspt-team-style-3\">\r\n\t<div class=\"creativesplanet-post-item\">\r\n\t\t<div class=\"creativesplanet-team-image-box\">\t\t\t\r\n\t\t\t<div class=\"cspt-featured-wrapper\"><a href=\"https:\/\/cefafrica.com\/fr\/team-member\/blaise-ntcha-npo\/\"><img loading=\"lazy\" decoding=\"async\" width=\"242\" height=\"251\" src=\"https:\/\/cefafrica.com\/wp-content\/uploads\/2018\/11\/Blaise-NTCHA-Npo-Directeur-Financier.png\" class=\"attachment-cspt-img-500x580 size-cspt-img-500x580 wp-post-image\" alt=\"\" data-id=\"391\" \/><\/a><\/div>\t\t<\/div>\r\n\t\t<div class=\"creativesplanet-box-content\">\r\n\t\t\t<div class=\"creativesplanet-box-content-inner\">\t\r\n\t\t\t\t<h3 class=\"cspt-team-title\"><a href=\"https:\/\/cefafrica.com\/fr\/team-member\/blaise-ntcha-npo\/\">Blaise N&rsquo;TCHA N&rsquo;po<\/a><\/h3>\r\n\t\t\t\t<div class=\"creativesplanet-box-team-position\">\r\n\t\t\t\t\t\t\t<div class=\"creativesplanet-box-team-position\">Directeur financier<\/div>\r\n\t\t\t\t\t\t<\/div>\r\n\t\t\t<\/div>\r\n\t\t\t<div class=\"creativesplanet-box-social-links\"><ul class=\"cspt-social-links cspt-team-social-links\"><li class=\"cspt-social-li cspt-social-facebook\"><a href=\"#\" title=\"Facebook\" target=\"_blank\"><span><i class=\"cspt-base-icon-facebook-squared\"><\/i><\/span><\/a><\/li><li class=\"cspt-social-li cspt-social-twitter\"><a href=\"#\" title=\"Twitter\" target=\"_blank\"><span><i class=\"cspt-base-icon-twitter-1\"><\/i><\/span><\/a><\/li><li class=\"cspt-social-li cspt-social-linkedin\"><a href=\"#\" title=\"LinkedIn\" target=\"_blank\"><span><i class=\"cspt-base-icon-linkedin-squared\"><\/i><\/span><\/a><\/li><\/ul><\/div>\t\t\r\n\t\t<\/div>\t\t\r\n\t<\/div>\r\n<\/article>\r\n <\/div><div class=\"cspt-ele cspt-team-ele col-md-6 col-lg-3 \"><article class=\"creativesplanet-ele creativesplanet-ele-team cspt-team-style-3\">\r\n\t<div class=\"creativesplanet-post-item\">\r\n\t\t<div class=\"creativesplanet-team-image-box\">\t\t\t\r\n\t\t\t<div class=\"cspt-featured-wrapper\"><a href=\"https:\/\/cefafrica.com\/fr\/team-member\/orou-sam-chaoubane\/\"><img loading=\"lazy\" decoding=\"async\" width=\"242\" height=\"251\" src=\"https:\/\/cefafrica.com\/wp-content\/uploads\/2018\/07\/OROU-SAM-Chaoubane-Conseille-administratif_Responsable-logistique.png\" class=\"attachment-cspt-img-500x580 size-cspt-img-500x580 wp-post-image\" alt=\"\" data-id=\"394\" \/><\/a><\/div>\t\t<\/div>\r\n\t\t<div class=\"creativesplanet-box-content\">\r\n\t\t\t<div class=\"creativesplanet-box-content-inner\">\t\r\n\t\t\t\t<h3 class=\"cspt-team-title\"><a href=\"https:\/\/cefafrica.com\/fr\/team-member\/orou-sam-chaoubane\/\">OROU-SAM Chaoubane<\/a><\/h3>\r\n\t\t\t\t<div class=\"creativesplanet-box-team-position\">\r\n\t\t\t\t\t\t\t<div class=\"creativesplanet-box-team-position\">Conseiller administratif - Responsable logistique<\/div>\r\n\t\t\t\t\t\t<\/div>\r\n\t\t\t<\/div>\r\n\t\t\t<div class=\"creativesplanet-box-social-links\"><ul class=\"cspt-social-links cspt-team-social-links\"><li class=\"cspt-social-li cspt-social-facebook\"><a href=\"#\" title=\"Facebook\" target=\"_blank\"><span><i class=\"cspt-base-icon-facebook-squared\"><\/i><\/span><\/a><\/li><li class=\"cspt-social-li cspt-social-twitter\"><a href=\"#\" title=\"Twitter\" target=\"_blank\"><span><i class=\"cspt-base-icon-twitter-1\"><\/i><\/span><\/a><\/li><li class=\"cspt-social-li cspt-social-linkedin\"><a href=\"#\" title=\"LinkedIn\" target=\"_blank\"><span><i class=\"cspt-base-icon-linkedin-squared\"><\/i><\/span><\/a><\/li><\/ul><\/div>\t\t\r\n\t\t<\/div>\t\t\r\n\t<\/div>\r\n<\/article>\r\n <\/div><div class=\"cspt-ele cspt-team-ele col-md-6 col-lg-3 \"><article class=\"creativesplanet-ele creativesplanet-ele-team cspt-team-style-3\">\r\n\t<div class=\"creativesplanet-post-item\">\r\n\t\t<div class=\"creativesplanet-team-image-box\">\t\t\t\r\n\t\t\t<div class=\"cspt-featured-wrapper\"><a href=\"https:\/\/cefafrica.com\/fr\/team-member\/adjassa-mahoutin-carine\/\"><img loading=\"lazy\" decoding=\"async\" width=\"242\" height=\"252\" src=\"https:\/\/cefafrica.com\/wp-content\/uploads\/2018\/07\/ADJASSA-Mahoutin-Carine_-Responsable-chargee-de-la-gestion-des-projets.png\" class=\"attachment-cspt-img-500x580 size-cspt-img-500x580 wp-post-image\" alt=\"\" data-id=\"398\" \/><\/a><\/div>\t\t<\/div>\r\n\t\t<div class=\"creativesplanet-box-content\">\r\n\t\t\t<div class=\"creativesplanet-box-content-inner\">\t\r\n\t\t\t\t<h3 class=\"cspt-team-title\"><a href=\"https:\/\/cefafrica.com\/fr\/team-member\/adjassa-mahoutin-carine\/\">ADJASSA Mahoutin Carine<\/a><\/h3>\r\n\t\t\t\t<div class=\"creativesplanet-box-team-position\">\r\n\t\t\t\t\t\t\t<div class=\"creativesplanet-box-team-position\">Responsable charg\u00e9e de la gestion des projets<\/div>\r\n\t\t\t\t\t\t<\/div>\r\n\t\t\t<\/div>\r\n\t\t\t<div class=\"creativesplanet-box-social-links\"><ul class=\"cspt-social-links cspt-team-social-links\"><li class=\"cspt-social-li cspt-social-facebook\"><a href=\"#\" title=\"Facebook\" target=\"_blank\"><span><i class=\"cspt-base-icon-facebook-squared\"><\/i><\/span><\/a><\/li><li class=\"cspt-social-li cspt-social-twitter\"><a href=\"#\" title=\"Twitter\" target=\"_blank\"><span><i class=\"cspt-base-icon-twitter-1\"><\/i><\/span><\/a><\/li><li class=\"cspt-social-li cspt-social-linkedin\"><a href=\"#\" title=\"LinkedIn\" target=\"_blank\"><span><i class=\"cspt-base-icon-linkedin-squared\"><\/i><\/span><\/a><\/li><\/ul><\/div>\t\t\r\n\t\t<\/div>\t\t\r\n\t<\/div>\r\n<\/article>\r\n <\/div>\r\n\r\n\t\t\t<\/div>\r\n\r\n\t\t\t\r\n\t\t\r\n\t\t<\/div><!-- .creativesplanet-element-inner -->   <\/div><!-- .creativesplanet-element -->  \r\n\t    \t\t<\/div>\n\t\t\t\t<\/div>\n\t\t\t\t\t<\/div>\n\t\t<\/div>\n\t\t\t\t\t<\/div>\n\t\t<\/div>\n\t\t\t\t<\/div>\n\t\t","protected":false},"excerpt":{"rendered":"<p>CEFAfrica, abr\u00e9viation de CLEAN ENERGY FOR AFRICA, est une soci\u00e9t\u00e9 Anonyme \u00e0 Responsabilit\u00e9 Limit\u00e9e (SARL) \u00e9tablie en 2018 et officiellement enregistr\u00e9e en ao\u00fbt 2019 sous le registre de commerce RB\/COT\/19B24771. Elle a \u00e9t\u00e9 fond\u00e9e par cinq Techniciens sup\u00e9rieurs sp\u00e9cialis\u00e9s dans les \u00e9nergies renouvelables et les syst\u00e8mes \u00e9nerg\u00e9tiques, tous dipl\u00f4m\u00e9s de la Facult\u00e9 des sciences et techniques de l&rsquo;Universit\u00e9 d&rsquo;Abomey-Calavi. Son si\u00e8ge social est situ\u00e9 \u00e0 Abomey-Calavi et elle op\u00e8re dans[&hellip;]<\/p>\n","protected":false},"author":1,"featured_media":0,"parent":0,"menu_order":11,"comment_status":"closed","ping_status":"closed","template":"","meta":{"_acf_changed":false,"footnotes":""},"class_list":["post-86","page","type-page","status-publish","hentry"],"acf":[],"_links":{"self":[{"href":"https:\/\/cefafrica.com\/fr\/wp-json\/wp\/v2\/pages\/86","targetHints":{"allow":["GET"]}}],"collection":[{"href":"https:\/\/cefafrica.com\/fr\/wp-json\/wp\/v2\/pages"}],"about":[{"href":"https:\/\/cefafrica.com\/fr\/wp-json\/wp\/v2\/types\/page"}],"author":[{"embeddable":true,"href":"https:\/\/cefafrica.com\/fr\/wp-json\/wp\/v2\/users\/1"}],"replies":[{"embeddable":true,"href":"https:\/\/cefafrica.com\/fr\/wp-json\/wp\/v2\/comments?post=86"}],"version-history":[{"count":13,"href":"https:\/\/cefafrica.com\/fr\/wp-json\/wp\/v2\/pages\/86\/revisions"}],"predecessor-version":[{"id":286,"href":"https:\/\/cefafrica.com\/fr\/wp-json\/wp\/v2\/pages\/86\/revisions\/286"}],"wp:attachment":[{"href":"https:\/\/cefafrica.com\/fr\/wp-json\/wp\/v2\/media?parent=86"}],"curies":[{"name":"wp","href":"https:\/\/api.w.org\/{rel}","templated":true}]}}