{"id":447,"date":"2024-05-12T09:09:44","date_gmt":"2024-05-12T09:09:44","guid":{"rendered":"https:\/\/cefafrica.com\/?page_id=447"},"modified":"2024-05-12T09:21:19","modified_gmt":"2024-05-12T09:21:19","slug":"mentions-legales","status":"publish","type":"page","link":"https:\/\/cefafrica.com\/fr\/mentions-legales\/","title":{"rendered":"Mentions l\u00e9gales"},"content":{"rendered":"\n<h2 class=\"wp-block-heading\">Propri\u00e9t\u00e9 du Site<\/h2>\n\n\n\n<p>Le pr\u00e9sent site est la propri\u00e9t\u00e9 de CEFAfrica, abr\u00e9g\u00e9e de CLEAN ENERGY FOR AFRICA SARL, une soci\u00e9t\u00e9 anonyme \u00e0 responsabilit\u00e9 limit\u00e9e enregistr\u00e9e sous le registre de commerce RB\/COT\/19B24771 au B\u00e9nin.<\/p>\n\n\n\n<h2 class=\"wp-block-heading\">Si\u00e8ge Social<\/h2>\n\n\n\n<p>Le si\u00e8ge social de CEFAfrica est situ\u00e9 \u00e0  Abomey-Calavi, B\u00e9nin.<\/p>\n\n\n\n<h2 class=\"wp-block-heading\">Contact<\/h2>\n\n\n\n<p>Pour toute question ou demande concernant le contenu du site ou toute autre information, veuillez nous contacter \u00e0 l&rsquo;adresse e-mail suivante : contact@cefafrica.com.<\/p>\n\n\n\n<h2 class=\"wp-block-heading\">H\u00e9bergement<\/h2>\n\n\n\n<p>Le site CEFAfrica est h\u00e9berg\u00e9 chez LWS, dont le si\u00e8ge social est situ\u00e9 \u00e0 2 rue jules ferry 88190 Golbey, France.<\/p>\n\n\n\n<h2 class=\"wp-block-heading\">Propri\u00e9t\u00e9 Intellectuelle<\/h2>\n\n\n\n<p>Le contenu de ce site, y compris les textes, images, vid\u00e9os, logos et \u00e9l\u00e9ments graphiques, est la propri\u00e9t\u00e9 exclusive de CEFAfrica ou de ses conc\u00e9dants de licence. Toute reproduction, repr\u00e9sentation, modification ou distribution du contenu, en tout ou en partie, est strictement interdite sans l&rsquo;autorisation pr\u00e9alable de CEFAfrica.<\/p>\n\n\n\n<h2 class=\"wp-block-heading\">Liens Externes<\/h2>\n\n\n\n<p>Le site CEFAfrica peut contenir des liens vers des sites externes. Ces liens sont fournis \u00e0 titre informatif uniquement et CEFAfrica d\u00e9cline toute responsabilit\u00e9 quant au contenu de ces sites externes.<\/p>\n\n\n\n<h2 class=\"wp-block-heading\">Modifications des Mentions L\u00e9gales<\/h2>\n\n\n\n<p>CEFAfrica se r\u00e9serve le droit de modifier les pr\u00e9sentes mentions l\u00e9gales \u00e0 tout moment et sans pr\u00e9avis. Nous vous invitons \u00e0 consulter r\u00e9guli\u00e8rement cette page pour vous tenir inform\u00e9 des \u00e9ventuelles mises \u00e0 jour.<\/p>\n","protected":false},"excerpt":{"rendered":"<p>Propri\u00e9t\u00e9 du Site Le pr\u00e9sent site est la propri\u00e9t\u00e9 de CEFAfrica, abr\u00e9g\u00e9e de CLEAN ENERGY FOR AFRICA SARL, une soci\u00e9t\u00e9 anonyme \u00e0 responsabilit\u00e9 limit\u00e9e enregistr\u00e9e sous le registre de commerce RB\/COT\/19B24771 au B\u00e9nin. Si\u00e8ge Social Le si\u00e8ge social de CEFAfrica est situ\u00e9 \u00e0 Abomey-Calavi, B\u00e9nin. Contact Pour toute question ou demande concernant le contenu du site ou toute autre information, veuillez nous contacter \u00e0 l&rsquo;adresse e-mail suivante : contact@cefafrica.com. H\u00e9bergement[&hellip;]<\/p>\n","protected":false},"author":1,"featured_media":0,"parent":0,"menu_order":0,"comment_status":"closed","ping_status":"closed","template":"","meta":{"_acf_changed":false,"footnotes":""},"class_list":["post-447","page","type-page","status-publish","hentry"],"acf":[],"_links":{"self":[{"href":"https:\/\/cefafrica.com\/fr\/wp-json\/wp\/v2\/pages\/447","targetHints":{"allow":["GET"]}}],"collection":[{"href":"https:\/\/cefafrica.com\/fr\/wp-json\/wp\/v2\/pages"}],"about":[{"href":"https:\/\/cefafrica.com\/fr\/wp-json\/wp\/v2\/types\/page"}],"author":[{"embeddable":true,"href":"https:\/\/cefafrica.com\/fr\/wp-json\/wp\/v2\/users\/1"}],"replies":[{"embeddable":true,"href":"https:\/\/cefafrica.com\/fr\/wp-json\/wp\/v2\/comments?post=447"}],"version-history":[{"count":2,"href":"https:\/\/cefafrica.com\/fr\/wp-json\/wp\/v2\/pages\/447\/revisions"}],"predecessor-version":[{"id":451,"href":"https:\/\/cefafrica.com\/fr\/wp-json\/wp\/v2\/pages\/447\/revisions\/451"}],"wp:attachment":[{"href":"https:\/\/cefafrica.com\/fr\/wp-json\/wp\/v2\/media?parent=447"}],"curies":[{"name":"wp","href":"https:\/\/api.w.org\/{rel}","templated":true}]}}