{"id":82,"date":"2022-04-01T11:42:35","date_gmt":"2022-04-01T11:42:35","guid":{"rendered":"http:\/\/greenly-demo.pbminfotech.com\/elementor-site7\/?page_id=10643"},"modified":"2024-05-10T12:32:06","modified_gmt":"2024-05-10T12:32:06","slug":"services","status":"publish","type":"page","link":"https:\/\/cefafrica.com\/en\/services\/","title":{"rendered":"Services"},"content":{"rendered":"<div data-elementor-type=\"wp-page\" data-elementor-id=\"82\" class=\"elementor elementor-82\">\n\t\t\t\t\t\t<section class=\"elementor-section elementor-top-section elementor-element elementor-element-1ca7f387 cspt-bg-color-yes cspt-elementor-bg-color-light elementor-section-stretched cspt-col-stretched-none cspt-bg-color-over-image elementor-section-boxed elementor-section-height-default elementor-section-height-default\" data-id=\"1ca7f387\" data-element_type=\"section\" data-settings=\"{&quot;stretch_section&quot;:&quot;section-stretched&quot;}\">\n\t\t\t\t\t\t<div class=\"elementor-container elementor-column-gap-no\">\n\t\t\t\t\t<div class=\"elementor-column elementor-col-100 elementor-top-column elementor-element elementor-element-46c39b33 cspt-bg-color-over-image\" data-id=\"46c39b33\" data-element_type=\"column\">\n\t\t\t<div class=\"elementor-widget-wrap elementor-element-populated\">\n\t\t\t\t\t\t<div class=\"elementor-element elementor-element-78ab6612 elementor-widget elementor-widget-cspt_service_element\" data-id=\"78ab6612\" data-element_type=\"widget\" data-widget_type=\"cspt_service_element.default\">\n\t\t\t\t<div class=\"elementor-widget-container\">\n\t\t\t\r\n\t\t<div class=\"creativesplanet-element creativesplanet-element-service cspt-element-service-style-2 creativesplanet-element-viewtype-row-column creativesplanet-gap-30px\" data-show=\"9\" data-columns=\"2\" data-loop=\"false\" data-autoplay=\"false\" data-center=\"false\" data-nav=\"false\" data-dots=\"false\" data-autoplayspeed=\"1000\" data-margin=\"30px\"><div class=\"creativesplanet-element-inner\">\r\n\t\t\t\t\t\t\t\t<div class=\"cspt-ele-header-area\">\r\n\t\t\t\t\t<div class=\"cspt-heading-subheading left-align\"><\/div>\r\n\t\t\t\t\r\n\t\t\t<\/div>\r\n\t\t\t\t\t\t\r\n\t\t\t\t\r\n\t\t\t<div class=\"cspt-element-posts-wrapper row multi-columns-row\">\r\n\r\n\t\t\t<div class=\"cspt-ele cspt-service-ele col-md-6\"><article class=\"creativesplanet-ele creativesplanet-ele-service cspt-service-style-2\">\r\n\t<div class=\"creativesplanet-post-item\">\r\n\t\t<div class=\"cspt-featured-wrapper\"><a href=\"https:\/\/cefafrica.com\/en\/service\/recherche-et-innovation-technologique\/\"><img fetchpriority=\"high\" decoding=\"async\" width=\"623\" height=\"500\" src=\"https:\/\/cefafrica.com\/wp-content\/uploads\/2018\/12\/innov-623x500.png\" class=\"attachment-cspt-img-770x500 size-cspt-img-770x500 wp-post-image\" alt=\"\" data-id=\"372\" \/><\/a><\/div>\t\t<div class=\"creativesplanet-box-content\">\r\n            \t<div class=\"creativesplanet-box-content-inner d-flex align-items-center\">\t\r\n\t\t\t\t<div class=\"cspt-service-wrap\"> \r\n\t\t\t\t\t<div class=\"cspt-service-category\"><\/div>\r\n\t                \t\t<h3 class=\"cspt-service-title\"><a href=\"https:\/\/cefafrica.com\/en\/service\/recherche-et-innovation-technologique\/\" title=\"Research and technological innovation\">Research and technological innovation<\/a><\/h3>\r\n\t                \t<\/div> \r\n\t\t\t\t<div class=\"cspt-service-icon ml-auto\">\r\n\t\t\t\t\t<div class=\"cspt-service-icon-wrapper\">\r\n\t\t\t\t\t\t<i class=\"cspt-greenly-icon cspt-greenly-icon-sun\"><\/i>\t\t\t\t\t<\/div>\r\n\t\t\t\t<\/div>\t\t\t\t      \r\n            \t<\/div>\r\n\t\t<\/div>\r\n\t<\/div>\r\n<\/article><\/div><div class=\"cspt-ele cspt-service-ele col-md-6\"><article class=\"creativesplanet-ele creativesplanet-ele-service cspt-service-style-2\">\r\n\t<div class=\"creativesplanet-post-item\">\r\n\t\t<div class=\"cspt-featured-wrapper\"><a href=\"https:\/\/cefafrica.com\/en\/service\/conseils-en-efficacite-energetique\/\"><img decoding=\"async\" width=\"652\" height=\"500\" src=\"https:\/\/cefafrica.com\/wp-content\/uploads\/2018\/12\/energy-652x500.png\" class=\"attachment-cspt-img-770x500 size-cspt-img-770x500 wp-post-image\" alt=\"\" data-id=\"406\" \/><\/a><\/div>\t\t<div class=\"creativesplanet-box-content\">\r\n            \t<div class=\"creativesplanet-box-content-inner d-flex align-items-center\">\t\r\n\t\t\t\t<div class=\"cspt-service-wrap\"> \r\n\t\t\t\t\t<div class=\"cspt-service-category\"><\/div>\r\n\t                \t\t<h3 class=\"cspt-service-title\"><a href=\"https:\/\/cefafrica.com\/en\/service\/conseils-en-efficacite-energetique\/\" title=\"Energy efficiency advice\">Energy efficiency advice<\/a><\/h3>\r\n\t                \t<\/div> \r\n\t\t\t\t<div class=\"cspt-service-icon ml-auto\">\r\n\t\t\t\t\t<div class=\"cspt-service-icon-wrapper\">\r\n\t\t\t\t\t\t<i class=\"cspt-greenly-icon cspt-greenly-icon-solar-panel\"><\/i>\t\t\t\t\t<\/div>\r\n\t\t\t\t<\/div>\t\t\t\t      \r\n            \t<\/div>\r\n\t\t<\/div>\r\n\t<\/div>\r\n<\/article><\/div><div class=\"cspt-ele cspt-service-ele col-md-6\"><article class=\"creativesplanet-ele creativesplanet-ele-service cspt-service-style-2\">\r\n\t<div class=\"creativesplanet-post-item\">\r\n\t\t<div class=\"cspt-featured-wrapper\"><a href=\"https:\/\/cefafrica.com\/en\/service\/formation-et-sensibilisation\/\"><img decoding=\"async\" width=\"770\" height=\"500\" src=\"https:\/\/cefafrica.com\/wp-content\/uploads\/2018\/10\/vecteezy_studying-graduated-learning-education_8519950-770x500.jpg\" class=\"attachment-cspt-img-770x500 size-cspt-img-770x500 wp-post-image\" alt=\"\" data-id=\"408\" \/><\/a><\/div>\t\t<div class=\"creativesplanet-box-content\">\r\n            \t<div class=\"creativesplanet-box-content-inner d-flex align-items-center\">\t\r\n\t\t\t\t<div class=\"cspt-service-wrap\"> \r\n\t\t\t\t\t<div class=\"cspt-service-category\"><\/div>\r\n\t                \t\t<h3 class=\"cspt-service-title\"><a href=\"https:\/\/cefafrica.com\/en\/service\/formation-et-sensibilisation\/\" title=\"Training and awareness\">Training and awareness<\/a><\/h3>\r\n\t                \t<\/div> \r\n\t\t\t\t<div class=\"cspt-service-icon ml-auto\">\r\n\t\t\t\t\t<div class=\"cspt-service-icon-wrapper\">\r\n\t\t\t\t\t\t<i class=\"cspt-greenly-icon cspt-greenly-icon-windmill\"><\/i>\t\t\t\t\t<\/div>\r\n\t\t\t\t<\/div>\t\t\t\t      \r\n            \t<\/div>\r\n\t\t<\/div>\r\n\t<\/div>\r\n<\/article><\/div><div class=\"cspt-ele cspt-service-ele col-md-6\"><article class=\"creativesplanet-ele creativesplanet-ele-service cspt-service-style-2\">\r\n\t<div class=\"creativesplanet-post-item\">\r\n\t\t<div class=\"cspt-featured-wrapper\"><a href=\"https:\/\/cefafrica.com\/en\/service\/installation-de-systemes-solaires-photovoltaiques\/\"><img loading=\"lazy\" decoding=\"async\" width=\"770\" height=\"500\" src=\"https:\/\/cefafrica.com\/wp-content\/uploads\/2019\/06\/img-05-770x500.jpg\" class=\"attachment-cspt-img-770x500 size-cspt-img-770x500 wp-post-image\" alt=\"\" data-id=\"51\" \/><\/a><\/div>\t\t<div class=\"creativesplanet-box-content\">\r\n            \t<div class=\"creativesplanet-box-content-inner d-flex align-items-center\">\t\r\n\t\t\t\t<div class=\"cspt-service-wrap\"> \r\n\t\t\t\t\t<div class=\"cspt-service-category\"><\/div>\r\n\t                \t\t<h3 class=\"cspt-service-title\"><a href=\"https:\/\/cefafrica.com\/en\/service\/installation-de-systemes-solaires-photovoltaiques\/\" title=\"Installation of photovoltaic solar systems\">Installation of photovoltaic solar systems<\/a><\/h3>\r\n\t                \t<\/div> \r\n\t\t\t\t<div class=\"cspt-service-icon ml-auto\">\r\n\t\t\t\t\t<div class=\"cspt-service-icon-wrapper\">\r\n\t\t\t\t\t\t<i class=\"cspt-greenly-icon cspt-greenly-icon-light-bulb\"><\/i>\t\t\t\t\t<\/div>\r\n\t\t\t\t<\/div>\t\t\t\t      \r\n            \t<\/div>\r\n\t\t<\/div>\r\n\t<\/div>\r\n<\/article><\/div>\r\n\t\t\t<\/div>\r\n\r\n\t\t\t\r\n\t\t\r\n\t\t<\/div><!-- .creativesplanet-element-inner -->   <\/div><!-- .creativesplanet-element -->  \r\n\t    \t\t<\/div>\n\t\t\t\t<\/div>\n\t\t\t\t\t<\/div>\n\t\t<\/div>\n\t\t\t\t\t<\/div>\n\t\t<\/section>\n\t\t\t\t<\/div>","protected":false},"excerpt":{"rendered":"<p>Energy Recherche et innovation technologique Electricity Conseils en efficacit\u00e9 \u00e9nerg\u00e9tique Solar Pannels Formation et sensibilisation Electricity Installation de syst\u00e8mes solaires photovolta\u00efques<\/p>","protected":false},"author":1,"featured_media":0,"parent":0,"menu_order":18,"comment_status":"closed","ping_status":"closed","template":"","meta":{"_acf_changed":false,"footnotes":""},"class_list":["post-82","page","type-page","status-publish","hentry"],"acf":[],"_links":{"self":[{"href":"https:\/\/cefafrica.com\/en\/wp-json\/wp\/v2\/pages\/82","targetHints":{"allow":["GET"]}}],"collection":[{"href":"https:\/\/cefafrica.com\/en\/wp-json\/wp\/v2\/pages"}],"about":[{"href":"https:\/\/cefafrica.com\/en\/wp-json\/wp\/v2\/types\/page"}],"author":[{"embeddable":true,"href":"https:\/\/cefafrica.com\/en\/wp-json\/wp\/v2\/users\/1"}],"replies":[{"embeddable":true,"href":"https:\/\/cefafrica.com\/en\/wp-json\/wp\/v2\/comments?post=82"}],"version-history":[{"count":4,"href":"https:\/\/cefafrica.com\/en\/wp-json\/wp\/v2\/pages\/82\/revisions"}],"predecessor-version":[{"id":343,"href":"https:\/\/cefafrica.com\/en\/wp-json\/wp\/v2\/pages\/82\/revisions\/343"}],"wp:attachment":[{"href":"https:\/\/cefafrica.com\/en\/wp-json\/wp\/v2\/media?parent=82"}],"curies":[{"name":"wp","href":"https:\/\/api.w.org\/{rel}","templated":true}]}}