{"id":80,"date":"2022-04-01T11:45:26","date_gmt":"2022-04-01T11:45:26","guid":{"rendered":"http:\/\/greenly-demo.pbminfotech.com\/elementor-site7\/?page_id=10657"},"modified":"2024-05-09T18:25:19","modified_gmt":"2024-05-09T18:25:19","slug":"realisations","status":"publish","type":"page","link":"https:\/\/cefafrica.com\/en\/realisations\/","title":{"rendered":"Achievements"},"content":{"rendered":"<div data-elementor-type=\"wp-page\" data-elementor-id=\"80\" class=\"elementor elementor-80\">\n\t\t\t\t\t\t<section class=\"elementor-section elementor-top-section elementor-element elementor-element-745f96e9 cspt-bg-color-yes cspt-elementor-bg-color-white cspt-col-stretched-none cspt-bg-color-over-image elementor-section-boxed elementor-section-height-default elementor-section-height-default\" data-id=\"745f96e9\" data-element_type=\"section\">\n\t\t\t\t\t\t<div class=\"elementor-container elementor-column-gap-default\">\n\t\t\t\t\t<div class=\"elementor-column elementor-col-100 elementor-top-column elementor-element elementor-element-64e39c8a cspt-bg-color-over-image\" data-id=\"64e39c8a\" data-element_type=\"column\">\n\t\t\t<div class=\"elementor-widget-wrap elementor-element-populated\">\n\t\t\t\t\t\t<div class=\"elementor-element elementor-element-2ec9fb22 cspt-align-left elementor-widget elementor-widget-cspt_portfolio_element\" data-id=\"2ec9fb22\" data-element_type=\"widget\" data-widget_type=\"cspt_portfolio_element.default\">\n\t\t\t\t<div class=\"elementor-widget-container\">\n\t\t\t\r\n\t\t<div class=\"creativesplanet-element creativesplanet-element-portfolio cspt-element-portfolio-style-2 creativesplanet-element-viewtype-row-column creativesplanet-gap-30px\" data-show=\"12\" data-columns=\"3\" data-loop=\"false\" data-autoplay=\"false\" data-center=\"false\" data-nav=\"false\" data-dots=\"false\" data-autoplayspeed=\"1000\" data-margin=\"30px\"><div class=\"creativesplanet-element-inner\">\r\n\t\t\r\n\t\t\t<div class=\"cspt-ele-header-area\">\r\n\t\t\t\t\t<div class=\"cspt-heading-subheading left-align\"><\/div>\r\n\t\t\t\t\r\n\t\t\t<\/div>\r\n\r\n\t\t\t<div class=\"cspt-element-posts-wrapper row multi-columns-row\">\r\n\r\n\t\t\t<div class=\"cspt-ele cspt-portfolio-ele col-md-4\"><article class=\"creativesplanet-ele creativesplanet-ele-portfolio cspt-portfolio-style-2 cspt-odd\">\r\n\t<div class=\"creativesplanet-post-item\">\t\t\t\t\r\n\t\t<div class=\"cspt-image-wrapper\">\r\n\t\t\t<div class=\"cspt-featured-wrapper\"><a href=\"https:\/\/cefafrica.com\/en\/portfolio\/construction-de-la-ferme-ecologique-de-kpassagambou\/\"><img fetchpriority=\"high\" decoding=\"async\" width=\"770\" height=\"500\" src=\"https:\/\/cefafrica.com\/wp-content\/uploads\/2018\/12\/biom-770x500.jpg\" class=\"attachment-cspt-img-770x500 size-cspt-img-770x500 wp-post-image\" alt=\"\" data-id=\"417\" \/><\/a><\/div>\t\t<\/div>\t\t\t\r\n\t\t<div class=\"cspt-content-wrapper\">\r\n\t\t\t<h3 class=\"cspt-portfolio-title\"><a href=\"https:\/\/cefafrica.com\/en\/portfolio\/construction-de-la-ferme-ecologique-de-kpassagambou\/\">CONSTRUCTION DE LA FERME ECOLOGIQUE DE KPASSAGAMBOU<\/a><\/h3>\t\r\n\t\t\t\t\t\t\t<div class=\"cspt-short-description\">\r\n\t\t\t\t\t<p>Collaborating with the German organization GREENING AFRICA TOGETHER (GATO), CEFAfrica has undertaken an ambitious initiative to empower the Kpassagambou farm, located in Parakou, Benin\u2026<\/p>\n\t\t\t\t<\/div>\r\n\t\t\t\t\t\t\t\t\t\t\r\n\t\t\t<div class=\"vc_btn3-container vc_btn3-inline\">\r\n\t\t\t\t<a class=\"vc_general vc_btn3 vc_btn3-size-md vc_btn3-shape-rounded vc_btn3-style-modern vc_btn3-color-globalcolor\" href=\"https:\/\/cefafrica.com\/en\/portfolio\/construction-de-la-ferme-ecologique-de-kpassagambou\/\" title=\"CONSTRUCTION DE LA FERME ECOLOGIQUE DE KPASSAGAMBOU\"><span>Read More<\/span><\/a>\r\n\t\t\t<\/div>\r\n\t\t<\/div>\r\n\t<\/div>\r\n<\/article><\/div><div class=\"cspt-ele cspt-portfolio-ele col-md-4\"><article class=\"creativesplanet-ele creativesplanet-ele-portfolio cspt-portfolio-style-2 cspt-even\">\r\n\t<div class=\"creativesplanet-post-item\">\t\t\t\t\r\n\t\t<div class=\"cspt-image-wrapper\">\r\n\t\t\t<div class=\"cspt-featured-wrapper\"><a href=\"https:\/\/cefafrica.com\/en\/portfolio\/projet-de-renforcement-de-lefficacite-energetique-des-equipements-de-luac-1ere-edition\/\"><img decoding=\"async\" width=\"547\" height=\"493\" src=\"https:\/\/cefafrica.com\/wp-content\/uploads\/2018\/12\/uac.png\" class=\"attachment-cspt-img-770x500 size-cspt-img-770x500 wp-post-image\" alt=\"\" srcset=\"https:\/\/cefafrica.com\/wp-content\/uploads\/2018\/12\/uac.png 547w, https:\/\/cefafrica.com\/wp-content\/uploads\/2018\/12\/uac-300x270.png 300w\" sizes=\"(max-width: 547px) 100vw, 547px\" data-id=\"423\" \/><\/a><\/div>\t\t<\/div>\t\t\t\r\n\t\t<div class=\"cspt-content-wrapper\">\r\n\t\t\t<h3 class=\"cspt-portfolio-title\"><a href=\"https:\/\/cefafrica.com\/en\/portfolio\/projet-de-renforcement-de-lefficacite-energetique-des-equipements-de-luac-1ere-edition\/\">Project to strengthen the energy efficiency of UAC equipment 1st Edition<\/a><\/h3>\t\r\n\t\t\t\t\t\t\t<div class=\"cspt-short-description\">\r\n\t\t\t\t\t<p>CEFAfrica organized the first edition\u2026<\/p>\n\t\t\t\t<\/div>\r\n\t\t\t\t\t\t\t\t\t\t\r\n\t\t\t<div class=\"vc_btn3-container vc_btn3-inline\">\r\n\t\t\t\t<a class=\"vc_general vc_btn3 vc_btn3-size-md vc_btn3-shape-rounded vc_btn3-style-modern vc_btn3-color-globalcolor\" href=\"https:\/\/cefafrica.com\/en\/portfolio\/projet-de-renforcement-de-lefficacite-energetique-des-equipements-de-luac-1ere-edition\/\" title=\"Project to strengthen the energy efficiency of UAC equipment 1st Edition\"><span>Read More<\/span><\/a>\r\n\t\t\t<\/div>\r\n\t\t<\/div>\r\n\t<\/div>\r\n<\/article><\/div><div class=\"cspt-ele cspt-portfolio-ele col-md-4\"><article class=\"creativesplanet-ele creativesplanet-ele-portfolio cspt-portfolio-style-2 cspt-odd\">\r\n\t<div class=\"creativesplanet-post-item\">\t\t\t\t\r\n\t\t<div class=\"cspt-image-wrapper\">\r\n\t\t\t<div class=\"cspt-featured-wrapper\"><a href=\"https:\/\/cefafrica.com\/en\/portfolio\/realisation-dun-systeme-de-forage-dans-une-ecole-isolee-de-dassa\/\"><img decoding=\"async\" width=\"770\" height=\"500\" src=\"https:\/\/cefafrica.com\/wp-content\/uploads\/2018\/12\/ecole-770x500.jpg\" class=\"attachment-cspt-img-770x500 size-cspt-img-770x500 wp-post-image\" alt=\"\" data-id=\"431\" \/><\/a><\/div>\t\t<\/div>\t\t\t\r\n\t\t<div class=\"cspt-content-wrapper\">\r\n\t\t\t<h3 class=\"cspt-portfolio-title\"><a href=\"https:\/\/cefafrica.com\/en\/portfolio\/realisation-dun-systeme-de-forage-dans-une-ecole-isolee-de-dassa\/\">R\u00e9alisation d&rsquo;un Syst\u00e8me de Forage dans une \u00c9cole Isol\u00e9e de Dassa<\/a><\/h3>\t\r\n\t\t\t\t\t\t\t<div class=\"cspt-short-description\">\r\n\t\t\t\t\t<p>R\u00e9alisation d&rsquo;un projet essentiel visant \u00e0 fournir un acc\u00e8s \u00e0 l&rsquo;eau potable dans une \u00e9cole isol\u00e9e de Dassa, au B\u00e9nin. Cette initiative exemplifie notre engagement envers le d\u00e9veloppement durable et notre volont\u00e9&#8230;<\/p>\n\t\t\t\t<\/div>\r\n\t\t\t\t\t\t\t\t\t\t\r\n\t\t\t<div class=\"vc_btn3-container vc_btn3-inline\">\r\n\t\t\t\t<a class=\"vc_general vc_btn3 vc_btn3-size-md vc_btn3-shape-rounded vc_btn3-style-modern vc_btn3-color-globalcolor\" href=\"https:\/\/cefafrica.com\/en\/portfolio\/realisation-dun-systeme-de-forage-dans-une-ecole-isolee-de-dassa\/\" title=\"R\u00e9alisation d&rsquo;un Syst\u00e8me de Forage dans une \u00c9cole Isol\u00e9e de Dassa\"><span>Read More<\/span><\/a>\r\n\t\t\t<\/div>\r\n\t\t<\/div>\r\n\t<\/div>\r\n<\/article><\/div>\r\n\t\t\t<\/div>\r\n\r\n\t\t\t\r\n\t\t\r\n\t\t<\/div><!-- .creativesplanet-element-inner -->   <\/div><!-- .creativesplanet-element -->  \r\n\t    \t\t<\/div>\n\t\t\t\t<\/div>\n\t\t\t\t\t<\/div>\n\t\t<\/div>\n\t\t\t\t\t<\/div>\n\t\t<\/section>\n\t\t\t\t<\/div>","protected":false},"excerpt":{"rendered":"<p>So To Deliberately Dender Lorem ipsum dolor sit amet, consectetur adipiscing elit, sed do eiusmod tempor text ever since&#8230; Read More Massive Deployment Of Solar Lorem ipsum dolor sit amet, consectetur adipiscing elit, sed do eiusmod tempor text ever since&#8230; Read More Solar Heaters On Roof Top Lorem ipsum dolor sit amet, consectetur adipiscing elit, sed do eiusmod tempor text ever since&#8230; Read More Swedish Mega Project Lorem ipsum dolor[&hellip;]<\/p>","protected":false},"author":1,"featured_media":0,"parent":0,"menu_order":20,"comment_status":"closed","ping_status":"closed","template":"","meta":{"_acf_changed":false,"footnotes":""},"class_list":["post-80","page","type-page","status-publish","hentry"],"acf":[],"_links":{"self":[{"href":"https:\/\/cefafrica.com\/en\/wp-json\/wp\/v2\/pages\/80","targetHints":{"allow":["GET"]}}],"collection":[{"href":"https:\/\/cefafrica.com\/en\/wp-json\/wp\/v2\/pages"}],"about":[{"href":"https:\/\/cefafrica.com\/en\/wp-json\/wp\/v2\/types\/page"}],"author":[{"embeddable":true,"href":"https:\/\/cefafrica.com\/en\/wp-json\/wp\/v2\/users\/1"}],"replies":[{"embeddable":true,"href":"https:\/\/cefafrica.com\/en\/wp-json\/wp\/v2\/comments?post=80"}],"version-history":[{"count":1,"href":"https:\/\/cefafrica.com\/en\/wp-json\/wp\/v2\/pages\/80\/revisions"}],"predecessor-version":[{"id":287,"href":"https:\/\/cefafrica.com\/en\/wp-json\/wp\/v2\/pages\/80\/revisions\/287"}],"wp:attachment":[{"href":"https:\/\/cefafrica.com\/en\/wp-json\/wp\/v2\/media?parent=80"}],"curies":[{"name":"wp","href":"https:\/\/api.w.org\/{rel}","templated":true}]}}